{"id":3540,"date":"2026-03-15T14:51:53","date_gmt":"2026-03-15T13:51:53","guid":{"rendered":"https:\/\/transimport.pl\/?page_id=3540"},"modified":"2026-03-15T14:56:47","modified_gmt":"2026-03-15T13:56:47","slug":"promocje","status":"publish","type":"page","link":"https:\/\/transimport.pl\/?page_id=3540","title":{"rendered":"Promocje"},"content":{"rendered":"\n<div class=\"wp-block-columns is-layout-flex wp-container-core-columns-is-layout-995f960e wp-block-columns-is-layout-flex\">\n<div class=\"wp-block-column is-layout-flow wp-block-column-is-layout-flow\" style=\"flex-basis:25%\"><\/div>\n\n\n\n<div class=\"wp-block-column is-layout-flow wp-block-column-is-layout-flow\" style=\"flex-basis:50%\">\n<p class=\"has-x-large-font-size wp-block-paragraph\">Promocje<\/p>\n\n\n\n<p class=\"has-medium-font-size wp-block-paragraph\">Producenci drzwi i pod\u0142\u00f3g okresowo proponuj\u0105 obni\u017cki cen lub dodaj\u0105 gratisowo jakie\u015b elementy np. klamki do drzwi.&nbsp;<\/p>\n\n\n\n<p class=\"has-medium-font-size wp-block-paragraph\">Oferta jest zmienna i informacje na ten temat mo\u017cna znale\u017a\u0107 na stronach producent\u00f3w.<\/p>\n<\/div>\n\n\n\n<div class=\"wp-block-column is-layout-flow wp-block-column-is-layout-flow\" style=\"flex-basis:25%\"><\/div>\n<\/div>\n\n\n\n<p class=\"wp-block-paragraph\"><\/p>\n\n\n\n<p class=\"has-medium-font-size wp-block-paragraph\"><\/p>\n\n\n\n<p class=\"wp-block-paragraph\"><\/p>\n","protected":false},"excerpt":{"rendered":"<p>Promocje Producenci drzwi i pod\u0142\u00f3g okresowo proponuj\u0105 obni\u017cki cen lub dodaj\u0105 gratisowo jakie\u015b elementy np. klamki do drzwi.&nbsp; Oferta jest zmienna i informacje na ten temat mo\u017cna znale\u017a\u0107 na stronach producent\u00f3w.<\/p>\n","protected":false},"author":1,"featured_media":0,"parent":0,"menu_order":0,"comment_status":"closed","ping_status":"closed","template":"","meta":{"_crdt_document":"","footnotes":""},"class_list":["post-3540","page","type-page","status-publish","hentry"],"blocksy_meta":[],"_links":{"self":[{"href":"https:\/\/transimport.pl\/index.php?rest_route=\/wp\/v2\/pages\/3540","targetHints":{"allow":["GET"]}}],"collection":[{"href":"https:\/\/transimport.pl\/index.php?rest_route=\/wp\/v2\/pages"}],"about":[{"href":"https:\/\/transimport.pl\/index.php?rest_route=\/wp\/v2\/types\/page"}],"author":[{"embeddable":true,"href":"https:\/\/transimport.pl\/index.php?rest_route=\/wp\/v2\/users\/1"}],"replies":[{"embeddable":true,"href":"https:\/\/transimport.pl\/index.php?rest_route=%2Fwp%2Fv2%2Fcomments&post=3540"}],"version-history":[{"count":6,"href":"https:\/\/transimport.pl\/index.php?rest_route=\/wp\/v2\/pages\/3540\/revisions"}],"predecessor-version":[{"id":3549,"href":"https:\/\/transimport.pl\/index.php?rest_route=\/wp\/v2\/pages\/3540\/revisions\/3549"}],"wp:attachment":[{"href":"https:\/\/transimport.pl\/index.php?rest_route=%2Fwp%2Fv2%2Fmedia&parent=3540"}],"curies":[{"name":"wp","href":"https:\/\/api.w.org\/{rel}","templated":true}]}}