{"id":3534,"date":"2026-03-15T14:49:51","date_gmt":"2026-03-15T13:49:51","guid":{"rendered":"https:\/\/transimport.pl\/?page_id=3534"},"modified":"2026-03-15T14:55:55","modified_gmt":"2026-03-15T13:55:55","slug":"wyprzedaze","status":"publish","type":"page","link":"https:\/\/transimport.pl\/?page_id=3534","title":{"rendered":"Wyprzeda\u017ce"},"content":{"rendered":"\n<div class=\"wp-block-columns is-layout-flex wp-container-core-columns-is-layout-995f960e wp-block-columns-is-layout-flex\">\n<div class=\"wp-block-column is-layout-flow wp-block-column-is-layout-flow\" style=\"flex-basis:25%\"><\/div>\n\n\n\n<div class=\"wp-block-column is-layout-flow wp-block-column-is-layout-flow\" style=\"flex-basis:50%\">\n<p class=\"has-x-large-font-size wp-block-paragraph\">Wyprzeda\u017ce<\/p>\n\n\n\n<p class=\"has-medium-font-size wp-block-paragraph\">W wyprzeda\u017cy posiadamy ko\u0144c\u00f3wki serii paneli oraz drzwi poekspozycyjne oraz pomy\u0142kowo zakupione w znacznie obni\u017conych cenach.<\/p>\n\n\n\n<p class=\"has-medium-font-size wp-block-paragraph\">Aktualnie r\u00f3wnie\u017c w\u00f3zki magazynowe. W celu zapoznania si\u0119 z ofert\u0105 zapraszamy do naszego sklepu.<\/p>\n<\/div>\n\n\n\n<div class=\"wp-block-column is-layout-flow wp-block-column-is-layout-flow\" style=\"flex-basis:25%\"><\/div>\n<\/div>\n\n\n\n<p class=\"wp-block-paragraph\"><\/p>\n\n\n\n<p class=\"has-medium-font-size wp-block-paragraph\"><\/p>\n","protected":false},"excerpt":{"rendered":"<p>Wyprzeda\u017ce W wyprzeda\u017cy posiadamy ko\u0144c\u00f3wki serii paneli oraz drzwi poekspozycyjne oraz pomy\u0142kowo zakupione w znacznie obni\u017conych cenach. Aktualnie r\u00f3wnie\u017c w\u00f3zki magazynowe. W celu zapoznania si\u0119 z ofert\u0105 zapraszamy do naszego sklepu.<\/p>\n","protected":false},"author":1,"featured_media":0,"parent":0,"menu_order":0,"comment_status":"closed","ping_status":"closed","template":"","meta":{"_crdt_document":"","footnotes":""},"class_list":["post-3534","page","type-page","status-publish","hentry"],"blocksy_meta":[],"_links":{"self":[{"href":"https:\/\/transimport.pl\/index.php?rest_route=\/wp\/v2\/pages\/3534","targetHints":{"allow":["GET"]}}],"collection":[{"href":"https:\/\/transimport.pl\/index.php?rest_route=\/wp\/v2\/pages"}],"about":[{"href":"https:\/\/transimport.pl\/index.php?rest_route=\/wp\/v2\/types\/page"}],"author":[{"embeddable":true,"href":"https:\/\/transimport.pl\/index.php?rest_route=\/wp\/v2\/users\/1"}],"replies":[{"embeddable":true,"href":"https:\/\/transimport.pl\/index.php?rest_route=%2Fwp%2Fv2%2Fcomments&post=3534"}],"version-history":[{"count":2,"href":"https:\/\/transimport.pl\/index.php?rest_route=\/wp\/v2\/pages\/3534\/revisions"}],"predecessor-version":[{"id":3548,"href":"https:\/\/transimport.pl\/index.php?rest_route=\/wp\/v2\/pages\/3534\/revisions\/3548"}],"wp:attachment":[{"href":"https:\/\/transimport.pl\/index.php?rest_route=%2Fwp%2Fv2%2Fmedia&parent=3534"}],"curies":[{"name":"wp","href":"https:\/\/api.w.org\/{rel}","templated":true}]}}